{"id":662,"date":"2014-10-27T07:07:13","date_gmt":"2014-10-27T07:07:13","guid":{"rendered":"http:\/\/localhost\/flatastic\/?page_id=662"},"modified":"2021-06-03T17:05:09","modified_gmt":"2021-06-03T23:05:09","slug":"contact","status":"publish","type":"page","link":"http:\/\/maquinas-herramientas.com.mx\/?page_id=662","title":{"rendered":"Contacto"},"content":{"rendered":"\n<p class=\"has-text-align-left has-normal-font-size\"><strong>MAQUINAS-HERRAMIENTAS<\/strong><\/p>\n\n\n\n<p>Tel. 442 6 90 69 44<\/p>\n\n\n\n<p>Whatsapp: 442 5 16 23 54<\/p>\n\n\n\n<p>web: www.maquinas-herramientas.com.mx<\/p>\n\n\n\n<p>Horario: Lunes- Viernes de 08:00 a 13:00 hrs&nbsp; y de 14:00 a 18:00 hrs<\/p>\n\n\n\n<p>&nbsp;&nbsp;&nbsp;&nbsp;&nbsp;&nbsp;&nbsp;&nbsp;&nbsp;&nbsp;&nbsp;&nbsp;&nbsp;&nbsp;&nbsp;&nbsp; S\u00e1bados de 08:30 a 13:00 hrs<\/p>\n\n\n\n<p>Direcci\u00f3n:&nbsp; &nbsp;F\u00edsica No. 2, Col. Industrial<\/p>\n\n\n\n<p>&nbsp;&nbsp;&nbsp;&nbsp;&nbsp;&nbsp;&nbsp;&nbsp;&nbsp;&nbsp;&nbsp;&nbsp;&nbsp;&nbsp;&nbsp;&nbsp;&nbsp;&nbsp;&nbsp;&nbsp;&nbsp;&nbsp; C.P.&nbsp; 76130&nbsp; Quer\u00e9taro, Qro<\/p>\n\n\n\n<div class=\"wp-block-contact-form-7-contact-form-selector\"><div role=\"form\" class=\"wpcf7\" id=\"wpcf7-f3158-o1\" lang=\"es-ES\" dir=\"ltr\">\n<div class=\"screen-reader-response\"><p role=\"status\" aria-live=\"polite\" aria-atomic=\"true\"><\/p> <ul><\/ul><\/div>\n<form action=\"\/index.php?rest_route=%2Fwp%2Fv2%2Fpages%2F662#wpcf7-f3158-o1\" method=\"post\" class=\"wpcf7-form init\" novalidate=\"novalidate\" data-status=\"init\">\n<div style=\"display: none;\">\n<input type=\"hidden\" name=\"_wpcf7\" value=\"3158\" \/>\n<input type=\"hidden\" name=\"_wpcf7_version\" value=\"5.4.1\" \/>\n<input type=\"hidden\" name=\"_wpcf7_locale\" value=\"es_ES\" \/>\n<input type=\"hidden\" name=\"_wpcf7_unit_tag\" value=\"wpcf7-f3158-o1\" \/>\n<input type=\"hidden\" name=\"_wpcf7_container_post\" value=\"0\" \/>\n<input type=\"hidden\" name=\"_wpcf7_posted_data_hash\" value=\"\" \/>\n<\/div>\n<p>NOMBRE<br \/>\n    <span class=\"wpcf7-form-control-wrap your-name\"><input type=\"text\" name=\"your-name\" value=\"\" size=\"40\" class=\"wpcf7-form-control wpcf7-text wpcf7-validates-as-required\" aria-required=\"true\" aria-invalid=\"false\" \/><\/span> <\/p>\n<p>CORREO<br \/>\n    <span class=\"wpcf7-form-control-wrap your-email\"><input type=\"email\" name=\"your-email\" value=\"\" size=\"40\" class=\"wpcf7-form-control wpcf7-text wpcf7-email wpcf7-validates-as-required wpcf7-validates-as-email\" aria-required=\"true\" aria-invalid=\"false\" \/><\/span> <\/p>\n<p>ASUNTO<br \/>\n    <span class=\"wpcf7-form-control-wrap your-subject\"><input type=\"text\" name=\"your-subject\" value=\"\" size=\"40\" class=\"wpcf7-form-control wpcf7-text\" aria-invalid=\"false\" \/><\/span> <\/p>\n<p><input type=\"submit\" value=\"Enviar\" class=\"wpcf7-form-control wpcf7-submit\" \/><\/p>\n<div class=\"wpcf7-response-output\" aria-hidden=\"true\"><\/div><\/form><\/div><\/div>\n\n\n\n<p><\/p>\n","protected":false},"excerpt":{"rendered":"<p>MAQUINAS-HERRAMIENTAS Tel. 442 6 90 69 44 Whatsapp: 442 5 16 23 54 web: www.maquinas-herramientas.com.mx Horario: Lunes- Viernes de 08:00 a 13:00 hrs&nbsp; y de 14:00 a 18:00 hrs &nbsp;&nbsp;&nbsp;&nbsp;&nbsp;&nbsp;&nbsp;&nbsp;&nbsp;&nbsp;&nbsp;&nbsp;&nbsp;&nbsp;&nbsp;&nbsp; S\u00e1bados de 08:30 a 13:00 hrs Direcci\u00f3n:&nbsp; &nbsp;F\u00edsica No. 2, Col. Industrial &nbsp;&nbsp;&nbsp;&nbsp;&nbsp;&nbsp;&nbsp;&nbsp;&nbsp;&nbsp;&nbsp;&nbsp;&nbsp;&nbsp;&nbsp;&nbsp;&nbsp;&nbsp;&nbsp;&nbsp;&nbsp;&nbsp; C.P.&nbsp; 76130&nbsp; Quer\u00e9taro, Qro<\/p>\n","protected":false},"author":1,"featured_media":0,"parent":0,"menu_order":0,"comment_status":"closed","ping_status":"open","template":"","meta":[],"_links":{"self":[{"href":"http:\/\/maquinas-herramientas.com.mx\/index.php?rest_route=\/wp\/v2\/pages\/662"}],"collection":[{"href":"http:\/\/maquinas-herramientas.com.mx\/index.php?rest_route=\/wp\/v2\/pages"}],"about":[{"href":"http:\/\/maquinas-herramientas.com.mx\/index.php?rest_route=\/wp\/v2\/types\/page"}],"author":[{"embeddable":true,"href":"http:\/\/maquinas-herramientas.com.mx\/index.php?rest_route=\/wp\/v2\/users\/1"}],"replies":[{"embeddable":true,"href":"http:\/\/maquinas-herramientas.com.mx\/index.php?rest_route=%2Fwp%2Fv2%2Fcomments&post=662"}],"version-history":[{"count":12,"href":"http:\/\/maquinas-herramientas.com.mx\/index.php?rest_route=\/wp\/v2\/pages\/662\/revisions"}],"predecessor-version":[{"id":4028,"href":"http:\/\/maquinas-herramientas.com.mx\/index.php?rest_route=\/wp\/v2\/pages\/662\/revisions\/4028"}],"wp:attachment":[{"href":"http:\/\/maquinas-herramientas.com.mx\/index.php?rest_route=%2Fwp%2Fv2%2Fmedia&parent=662"}],"curies":[{"name":"wp","href":"https:\/\/api.w.org\/{rel}","templated":true}]}}