{"id":1994,"date":"2015-02-20T12:48:44","date_gmt":"2015-02-20T12:48:44","guid":{"rendered":"http:\/\/velikorodnov.com\/dev\/wpflatastic\/?page_id=1994"},"modified":"2021-06-22T13:56:24","modified_gmt":"2021-06-22T19:56:24","slug":"faq","status":"publish","type":"page","link":"http:\/\/maquinas-herramientas.com.mx\/?page_id=1994","title":{"rendered":"FAQ"},"content":{"rendered":"\t\t<div data-elementor-type=\"wp-page\" data-elementor-id=\"1994\" class=\"elementor elementor-1994\" data-elementor-settings=\"[]\">\n\t\t\t\t\t\t\t<div class=\"elementor-section-wrap\">\n\t\t\t\t\t\t\t<section class=\"elementor-section elementor-top-section elementor-element elementor-element-fdb23dc elementor-section-stretched elementor-section-boxed elementor-section-height-default elementor-section-height-default\" data-id=\"fdb23dc\" data-element_type=\"section\" data-settings=\"{&quot;stretch_section&quot;:&quot;section-stretched&quot;}\">\n\t\t\t\t\t\t<div class=\"elementor-container elementor-column-gap-default\">\n\t\t\t\t\t<div class=\"elementor-column elementor-col-100 elementor-top-column elementor-element elementor-element-c121e73\" data-id=\"c121e73\" data-element_type=\"column\">\n\t\t\t<div class=\"elementor-widget-wrap elementor-element-populated\">\n\t\t\t\t\t\t\t\t<div class=\"elementor-element elementor-element-7162a85 elementor-widget elementor-widget-heading\" data-id=\"7162a85\" data-element_type=\"widget\" data-widget_type=\"heading.default\">\n\t\t\t\t<div class=\"elementor-widget-container\">\n\t\t\t<h2 class=\"elementor-heading-title elementor-size-default\">FAQ<\/h2>\t\t<\/div>\n\t\t\t\t<\/div>\n\t\t\t\t\t<\/div>\n\t\t<\/div>\n\t\t\t\t\t\t\t<\/div>\n\t\t<\/section>\n\t\t\t\t<section class=\"elementor-section elementor-top-section elementor-element elementor-element-3e142a4a elementor-section-stretched elementor-section-boxed elementor-section-height-default elementor-section-height-default\" data-id=\"3e142a4a\" data-element_type=\"section\" data-settings=\"{&quot;stretch_section&quot;:&quot;section-stretched&quot;}\">\n\t\t\t\t\t\t<div class=\"elementor-container elementor-column-gap-default\">\n\t\t\t\t\t<div class=\"elementor-column elementor-col-100 elementor-top-column elementor-element elementor-element-3248f6f3\" data-id=\"3248f6f3\" data-element_type=\"column\">\n\t\t\t<div class=\"elementor-widget-wrap elementor-element-populated\">\n\t\t\t\t\t\t\t\t<div class=\"elementor-element elementor-element-5985d607 elementor-widget elementor-widget-text-editor\" data-id=\"5985d607\" data-element_type=\"widget\" data-widget_type=\"text-editor.default\">\n\t\t\t\t<div class=\"elementor-widget-container\">\n\t\t\t\t\t\t\t\t<p><strong>\u00bfD\u00f3nde est\u00e1n ubicados? <\/strong><\/p><p>R: Nuesta empresa se encuentra en la ciudad de Quer\u00e9taro.<\/p><p><strong>\u00bfVenden maquinaria usada? <\/strong><\/p><p>R: Si, actualmente manejamos algunas maquinas ya con uso, en excelente estado y a precios accesibles.<\/p><p><strong>\u00bfRealizan env\u00edos a toda la Rep\u00fablica Mexicana?<\/strong><\/p><p>R: S\u00ed, realizamos env\u00edos a toda la Rep\u00fablica Mexicana.<\/p><p><strong>\u00bfCu\u00e1les son sus formas de pagos?<\/strong><\/p><p>R: Aceptamos dep\u00f3sitos en Efectivo, Transferencias interbancarias, Tarjetas de D\u00e9bito y\u00a0 Cr\u00e9dito (Aplica restricciones)<\/p><p>\u00a0<\/p><p>\u00a0<\/p>\t\t\t\t\t\t<\/div>\n\t\t\t\t<\/div>\n\t\t\t\t\t<\/div>\n\t\t<\/div>\n\t\t\t\t\t\t\t<\/div>\n\t\t<\/section>\n\t\t\t\t<section class=\"elementor-section elementor-top-section elementor-element elementor-element-7bb93faf elementor-section-content-middle elementor-section-stretched elementor-section-boxed elementor-section-height-default elementor-section-height-default\" data-id=\"7bb93faf\" data-element_type=\"section\" data-settings=\"{&quot;stretch_section&quot;:&quot;section-stretched&quot;,&quot;background_background&quot;:&quot;classic&quot;}\">\n\t\t\t\t\t\t\t<div class=\"elementor-background-overlay\"><\/div>\n\t\t\t\t\t\t\t<div class=\"elementor-container elementor-column-gap-no\">\n\t\t\t\t\t<div class=\"elementor-column elementor-col-100 elementor-top-column elementor-element elementor-element-57e64c1b\" data-id=\"57e64c1b\" data-element_type=\"column\">\n\t\t\t<div class=\"elementor-widget-wrap elementor-element-populated\">\n\t\t\t\t\t\t\t\t<div class=\"elementor-element elementor-element-6637b534 elementor-widget elementor-widget-heading\" data-id=\"6637b534\" data-element_type=\"widget\" data-widget_type=\"heading.default\">\n\t\t\t\t<div class=\"elementor-widget-container\">\n\t\t\t<h5 class=\"elementor-heading-title elementor-size-default\">Contacto<\/h5>\t\t<\/div>\n\t\t\t\t<\/div>\n\t\t\t\t<div class=\"elementor-element elementor-element-15ee2b04 elementor-widget elementor-widget-heading\" data-id=\"15ee2b04\" data-element_type=\"widget\" data-widget_type=\"heading.default\">\n\t\t\t\t<div class=\"elementor-widget-container\">\n\t\t\t<h2 class=\"elementor-heading-title elementor-size-default\">Tel. 442 6 90 69 44<br><br>Whatsapp. 442 5 16 23 54<br><br>contacto@maquinas-herramientas.com.mx<\/h2>\t\t<\/div>\n\t\t\t\t<\/div>\n\t\t\t\t\t<\/div>\n\t\t<\/div>\n\t\t\t\t\t\t\t<\/div>\n\t\t<\/section>\n\t\t\t\t\t\t<\/div>\n\t\t\t\t\t<\/div>\n\t\t","protected":false},"excerpt":{"rendered":"<p>FAQ \u00bfD\u00f3nde est\u00e1n ubicados? R: Nuesta empresa se encuentra en la ciudad de Quer\u00e9taro. \u00bfVenden maquinaria usada? R: Si, actualmente manejamos algunas maquinas ya con uso, en excelente estado y a precios accesibles. \u00bfRealizan env\u00edos a toda la Rep\u00fablica Mexicana? R: S\u00ed, realizamos env\u00edos a toda la Rep\u00fablica Mexicana. \u00bfCu\u00e1les son sus formas de pagos? [&hellip;]<\/p>\n","protected":false},"author":1,"featured_media":0,"parent":0,"menu_order":0,"comment_status":"open","ping_status":"open","template":"","meta":[],"_links":{"self":[{"href":"http:\/\/maquinas-herramientas.com.mx\/index.php?rest_route=\/wp\/v2\/pages\/1994"}],"collection":[{"href":"http:\/\/maquinas-herramientas.com.mx\/index.php?rest_route=\/wp\/v2\/pages"}],"about":[{"href":"http:\/\/maquinas-herramientas.com.mx\/index.php?rest_route=\/wp\/v2\/types\/page"}],"author":[{"embeddable":true,"href":"http:\/\/maquinas-herramientas.com.mx\/index.php?rest_route=\/wp\/v2\/users\/1"}],"replies":[{"embeddable":true,"href":"http:\/\/maquinas-herramientas.com.mx\/index.php?rest_route=%2Fwp%2Fv2%2Fcomments&post=1994"}],"version-history":[{"count":10,"href":"http:\/\/maquinas-herramientas.com.mx\/index.php?rest_route=\/wp\/v2\/pages\/1994\/revisions"}],"predecessor-version":[{"id":4718,"href":"http:\/\/maquinas-herramientas.com.mx\/index.php?rest_route=\/wp\/v2\/pages\/1994\/revisions\/4718"}],"wp:attachment":[{"href":"http:\/\/maquinas-herramientas.com.mx\/index.php?rest_route=%2Fwp%2Fv2%2Fmedia&parent=1994"}],"curies":[{"name":"wp","href":"https:\/\/api.w.org\/{rel}","templated":true}]}}